{"id":32,"date":"2024-04-02T11:30:04","date_gmt":"2024-04-02T11:30:04","guid":{"rendered":"https:\/\/www.wojciech-ruszkowski.pl\/?page_id=32"},"modified":"2024-04-03T11:28:46","modified_gmt":"2024-04-03T11:28:46","slug":"oferta","status":"publish","type":"page","link":"https:\/\/www.wojciech-ruszkowski.pl\/?page_id=32","title":{"rendered":"Oferta"},"content":{"rendered":"\n<p><strong>PRAWO GOSPODARCZE I HANDLOWE, ZE SZCZEG\u00d3LNYM UWZGL\u0118DNIENIEM PRAWA SP\u00d3\u0141EK<\/strong><\/p>\n\n\n<ol class=\"wp-block-list\" start=\"1\">\n<li>Obs\u0142uga prawna w zakresie prawa sp\u00f3\u0142ek<\/li>\n\n\n<li>Przekszta\u0142cenia, \u0142\u0105czenia, podzia\u0142y, a tak\u017ce likwidacje podmiot\u00f3w gospodarczych<\/li>\n\n\n<li>Wszelkie aspekty zwi\u0105zane z funkcjonowaniem sp\u00f3\u0142ek<\/li>\n\n\n<li>Przygotowanie r\u00f3\u017cnego rodzaju pism, opinii prawnych, a tak\u017ce opiniowanie i negocjowanie wszelkiego rodzaju um\u00f3w, niezb\u0119dnych do funkcjonowania podmiot\u00f3w gospodarczych w obrocie<\/li>\n<\/ol>\n\n\n<p><strong>PODATKI<\/strong><\/p>\n\n\n<ol class=\"wp-block-list\" start=\"1\">\n<li>Reprezentowanie w post\u0119powaniach podatkowych , kontrolnych i w administracyjnych post\u0119powaniach egzekucyjnych<\/li>\n\n\n<li>Zaskar\u017canie decyzji i postanowie\u0144 oraz reprezentacja przed s\u0105dami administracyjnymi doradztwo podatkowe<\/li>\n<\/ol>\n\n\n<p><strong>PRAWO BUDOWLANE<\/strong><\/p>\n\n\n<ol class=\"wp-block-list\" start=\"1\">\n<li>Obs\u0142uga proces\u00f3w inwestycyjnych na wszystkich etapach<\/li>\n\n\n<li>Zaskar\u017canie decyzji administracyjnych i reprezentacja przed organami odwo\u0142awczymi i s\u0105dami administracyjnymi<\/li>\n\n\n<li>Spory zwi\u0105zane z realizacj\u0105 prac projektowych i rob\u00f3t budowlanych<\/li>\n<\/ol>\n\n\n<p><strong>NIERUCHOMO\u015aCI<\/strong><\/p>\n\n\n<ol class=\"wp-block-list\" start=\"1\">\n<li>Pomoc prawna przy kupnie i sprzeda\u017cy nieruchomo\u015bci<\/li>\n\n\n<li>Regulacja stanu prawnego nieruchomo\u015bci, zasiedzenie, s\u0142u\u017cebno\u015bci, podzia\u0142y<\/li>\n\n\n<li>Obs\u0142uga obrotu nieruchomo\u015bciami zwi\u0105zanego z r\u00f3\u017cnorodnymi projektami inwestycyjnymi<\/li>\n\n\n<li>Spory wynikaj\u0105ce z w\u0142asno\u015bci lub posiadania nieruchomo\u015bci<\/li>\n\n\n<li>Kompleksowa obs\u0142uga w\u0142a\u015bcicieli nieruchomo\u015bci<\/li>\n\n\n<li>Doradztwo w kwestiach podatkowych zwi\u0105zanych z obrotem nieruchomo\u015bciami<\/li>\n\n\n<li>Nietypowe spraw zwi\u0105zane z nieruchomo\u015bciami<\/li>\n<\/ol>\n\n\n<p><strong>SPRAWY O ODSZKODOWANIA ORAZ WYP\u0141AT\u0118 UBEZPIECZE\u0143<\/strong><\/p>\n\n\n<ol class=\"wp-block-list\" start=\"1\">\n<li>Niewykonanie lub nienale\u017cyte wykonanie umowy w kraju i za granic\u0105<\/li>\n\n\n<li>Szkody wynikaj\u0105ce z zawinionego dzia\u0142ania lub zaniechania<\/li>\n\n\n<li>B\u0142\u0105d w sztuce lekarskiej<\/li>\n\n\n<li>Sprawy przeciwko towarzystwom ubezpieczeniowym<\/li>\n\n\n<li>Nietypowe sprawy o odszkodowanie<\/li>\n<\/ol>\n\n\n<p><strong>PRAWO W\u0141ASNO\u015aCI INTELEKTUALNEJ &#8211; PRAWO AUTORSKIE<\/strong><\/p>\n\n\n<ol class=\"wp-block-list\" start=\"1\">\n<li>Przygotowanie i opiniowanie um\u00f3w licencyjnych<\/li>\n\n\n<li>Przygotowanie i opiniowanie um\u00f3w o przeniesienie praw autorskich<\/li>\n\n\n<li>Ochrona praw autorskich, reprezentacja w sprawach o naruszenie praw autorskich, dochodzenie odszkodowa\u0144<\/li>\n\n\n<li>Reprezentowanie artyst\u00f3w w sporach z wydawcami i osobami odpowiedzialnymi za naruszenia praw autorskich<\/li>\n<\/ol>\n\n\n<p><strong>PRAWO KARNE<\/strong><\/p>\n\n\n<ol class=\"wp-block-list\" start=\"1\">\n<li>Przest\u0119pstwa gospodarcze:<br>&#8211; obrona cz\u0142onk\u00f3w zarz\u0105du sp\u00f3\u0142ek<br>&#8211; obrona przedsi\u0119biorc\u00f3w w sprawach karnoskarbowych<br>&#8211; obrona przedsi\u0119biorc\u00f3w w sprawach zwi\u0105zanych z naruszeniem praw pracowniczych<\/li>\n<\/ol>\n\n\n<p><\/p>\n","protected":false},"excerpt":{"rendered":"<p>PRAWO GOSPODARCZE I HANDLOWE, ZE SZCZEG\u00d3LNYM UWZGL\u0118DNIENIEM PRAWA SP\u00d3\u0141EK PODATKI PRAWO BUDOWLANE NIERUCHOMO\u015aCI SPRAWY O ODSZKODOWANIA ORAZ WYP\u0141AT\u0118 UBEZPIECZE\u0143 PRAWO W\u0141ASNO\u015aCI INTELEKTUALNEJ &#8211; PRAWO AUTORSKIE PRAWO KARNE<\/p>\n","protected":false},"author":1,"featured_media":0,"parent":0,"menu_order":0,"comment_status":"closed","ping_status":"closed","template":"","meta":{"footnotes":""},"class_list":["post-32","page","type-page","status-publish","hentry"],"_links":{"self":[{"href":"https:\/\/www.wojciech-ruszkowski.pl\/index.php?rest_route=\/wp\/v2\/pages\/32","targetHints":{"allow":["GET"]}}],"collection":[{"href":"https:\/\/www.wojciech-ruszkowski.pl\/index.php?rest_route=\/wp\/v2\/pages"}],"about":[{"href":"https:\/\/www.wojciech-ruszkowski.pl\/index.php?rest_route=\/wp\/v2\/types\/page"}],"author":[{"embeddable":true,"href":"https:\/\/www.wojciech-ruszkowski.pl\/index.php?rest_route=\/wp\/v2\/users\/1"}],"replies":[{"embeddable":true,"href":"https:\/\/www.wojciech-ruszkowski.pl\/index.php?rest_route=%2Fwp%2Fv2%2Fcomments&post=32"}],"version-history":[{"count":4,"href":"https:\/\/www.wojciech-ruszkowski.pl\/index.php?rest_route=\/wp\/v2\/pages\/32\/revisions"}],"predecessor-version":[{"id":36,"href":"https:\/\/www.wojciech-ruszkowski.pl\/index.php?rest_route=\/wp\/v2\/pages\/32\/revisions\/36"}],"wp:attachment":[{"href":"https:\/\/www.wojciech-ruszkowski.pl\/index.php?rest_route=%2Fwp%2Fv2%2Fmedia&parent=32"}],"curies":[{"name":"wp","href":"https:\/\/api.w.org\/{rel}","templated":true}]}}